{"id":37835,"date":"2015-04-23T12:57:21","date_gmt":"2015-04-23T15:57:21","guid":{"rendered":"http:\/\/34.201.67.89\/terminos-y-condiciones\/"},"modified":"2015-04-23T12:57:21","modified_gmt":"2015-04-23T15:57:21","slug":"terminos-y-condiciones","status":"publish","type":"page","link":"http:\/\/ec2-3-212-241-210.compute-1.amazonaws.com\/es\/terminos-y-condiciones\/","title":{"rendered":"T\u00e9rminos y Condiciones"},"content":{"rendered":"<p>Esta Pol\u00edtica de Privacidad rige la manera en que el Tema de WordPress para Bienes Ra\u00edces recopila, utiliza, mantiene y divulga informaci\u00f3n recopilada de los usuarios (cada uno, un \u00abUsuario\u00bb) del sitio web https:\/\/casamagicorlando\/ (\u00abSitio\u00bb). Esta pol\u00edtica de privacidad se aplica al Sitio y a todos los productos y servicios ofrecidos por Casa Magic Orlando.<\/p>\n<p><b>Informaci\u00f3n de identificaci\u00f3n personal<\/b><\/p>\n<p>Podemos recopilar informaci\u00f3n de identificaci\u00f3n personal de los Usuarios de diversas maneras en relaci\u00f3n con actividades, servicios, caracter\u00edsticas o recursos que ponemos a disposici\u00f3n en nuestro Sitio. Los usuarios pueden visitar nuestro Sitio de forma an\u00f3nima. Recopilaremos informaci\u00f3n de identificaci\u00f3n personal de los Usuarios solo si nos env\u00edan voluntariamente dicha informaci\u00f3n. Los usuarios siempre pueden negarse a proporcionar informaci\u00f3n de identificaci\u00f3n personal, excepto que pueda impedirles participar en ciertas actividades relacionadas con el Sitio.<\/p>\n<p><b>Informaci\u00f3n de identificaci\u00f3n no personal<\/b><\/p>\n<p>Podemos recopilar informaci\u00f3n de identificaci\u00f3n no personal sobre los Usuarios cada vez que interact\u00faan con nuestro Sitio. La informaci\u00f3n de identificaci\u00f3n no personal puede incluir el nombre del navegador, el tipo de computadora e informaci\u00f3n t\u00e9cnica sobre los medios de conexi\u00f3n de los Usuarios a nuestro Sitio, como el sistema operativo y los proveedores de servicios de Internet utilizados y otra informaci\u00f3n similar.<\/p>\n<p><b>Cookies del navegador web<\/b><\/p>\n<p>Nuestro Sitio puede utilizar \u00abcookies\u00bb para mejorar la experiencia del Usuario. El navegador web del usuario coloca cookies en su disco duro con fines de mantenimiento de registros y, a veces, para rastrear informaci\u00f3n sobre ellos. El usuario puede optar por configurar su navegador web para que rechace las cookies o para que le avise cuando se env\u00eden cookies. Si lo hacen, tenga en cuenta que es posible que algunas partes del Sitio no funcionen correctamente.<\/p>\n<p><b>C\u00f3mo protegemos su informaci\u00f3n<\/b><\/p>\n<p>Adoptamos pr\u00e1cticas apropiadas de recopilaci\u00f3n, almacenamiento y procesamiento de datos y medidas de seguridad para proteger contra el acceso no autorizado, alteraci\u00f3n, divulgaci\u00f3n o destrucci\u00f3n de su informaci\u00f3n personal, nombre de usuario, contrase\u00f1a, informaci\u00f3n de transacciones y datos almacenados en nuestro Sitio.<\/p>\n<p><b>Compartir su informaci\u00f3n personal<\/b><\/p>\n<p>No vendemos, intercambiamos ni alquilamos informaci\u00f3n de identificaci\u00f3n personal de los Usuarios a otros. Podemos compartir informaci\u00f3n demogr\u00e1fica agregada gen\u00e9rica no vinculada a ninguna informaci\u00f3n de identificaci\u00f3n personal con respecto a visitantes y usuarios con nuestros socios comerciales, afiliados confiables y anunciantes para los fines descritos anteriormente.<\/p>\n<p><b>Cambios en esta pol\u00edtica de privacidad<\/b><\/p>\n<p>Tema de WordPress para bienes ra\u00edces tiene la discreci\u00f3n de actualizar esta pol\u00edtica de privacidad en cualquier momento. Cuando lo hagamos, revisaremos la fecha actualizada al final de esta p\u00e1gina. Alentamos a los usuarios a que consulten con frecuencia esta p\u00e1gina en busca de cambios para mantenerse informados sobre c\u00f3mo estamos ayudando a proteger la informaci\u00f3n personal que recopilamos. Usted reconoce y acepta que es su responsabilidad revisar esta pol\u00edtica de privacidad peri\u00f3dicamente y estar al tanto de las modificaciones.<\/p>\n<p><b>Su aceptaci\u00f3n de estos t\u00e9rminos<\/b><\/p>\n<p>Al utilizar este Sitio, usted manifiesta su aceptaci\u00f3n de esta pol\u00edtica. Si no est\u00e1 de acuerdo con esta pol\u00edtica, no utilice nuestro Sitio. Su uso continuado del Sitio despu\u00e9s de la publicaci\u00f3n de cambios a esta pol\u00edtica se considerar\u00e1 su aceptaci\u00f3n de dichos cambios.<\/p>\n","protected":false},"excerpt":{"rendered":"<p>Esta Pol\u00edtica de Privacidad rige la manera en que el Tema de WordPress para Bienes Ra\u00edces recopila, utiliza, mantiene y divulga informaci\u00f3n recopilada de los usuarios (cada uno, un \u00abUsuario\u00bb) del sitio web https:\/\/casamagicorlando\/ (\u00abSitio\u00bb). Esta pol\u00edtica de privacidad se aplica al Sitio y a todos los productos y servicios ofrecidos por Casa Magic Orlando. &#8230;<\/p>\n","protected":false},"author":1,"featured_media":0,"parent":0,"menu_order":0,"comment_status":"closed","ping_status":"closed","template":"terms_conditions.php","meta":{"inline_featured_image":false,"_themeisle_gutenberg_block_has_review":false,"footnotes":""},"class_list":["post-37835","page","type-page","status-publish","hentry"],"yoast_head":"<!-- This site is optimized with the Yoast SEO plugin v23.3 - https:\/\/yoast.com\/wordpress\/plugins\/seo\/ -->\n<title>T\u00e9rminos y Condiciones - casamagicorlando.com<\/title>\n<meta name=\"robots\" content=\"index, follow, max-snippet:-1, max-image-preview:large, max-video-preview:-1\" \/>\n<link rel=\"canonical\" href=\"http:\/\/3.212.241.210\/es\/terminos-y-condiciones\/\" \/>\n<meta property=\"og:locale\" content=\"es_ES\" \/>\n<meta property=\"og:type\" content=\"article\" \/>\n<meta property=\"og:title\" content=\"T\u00e9rminos y Condiciones - casamagicorlando.com\" \/>\n<meta property=\"og:description\" content=\"Esta Pol\u00edtica de Privacidad rige la manera en que el Tema de WordPress para Bienes Ra\u00edces recopila, utiliza, mantiene y divulga informaci\u00f3n recopilada de los usuarios (cada uno, un \u00abUsuario\u00bb) del sitio web https:\/\/casamagicorlando\/ (\u00abSitio\u00bb). Esta pol\u00edtica de privacidad se aplica al Sitio y a todos los productos y servicios ofrecidos por Casa Magic Orlando. ...\" \/>\n<meta property=\"og:url\" content=\"http:\/\/3.212.241.210\/es\/terminos-y-condiciones\/\" \/>\n<meta property=\"og:site_name\" content=\"casamagicorlando.com\" \/>\n<meta name=\"twitter:card\" content=\"summary_large_image\" \/>\n<meta name=\"twitter:label1\" content=\"Tiempo de lectura\" \/>\n\t<meta name=\"twitter:data1\" content=\"3 minutos\" \/>\n<script type=\"application\/ld+json\" class=\"yoast-schema-graph\">{\"@context\":\"https:\/\/schema.org\",\"@graph\":[{\"@type\":\"WebPage\",\"@id\":\"http:\/\/3.212.241.210\/es\/terminos-y-condiciones\/\",\"url\":\"http:\/\/3.212.241.210\/es\/terminos-y-condiciones\/\",\"name\":\"T\u00e9rminos y Condiciones - casamagicorlando.com\",\"isPartOf\":{\"@id\":\"http:\/\/3.212.241.210\/#website\"},\"datePublished\":\"2015-04-23T15:57:21+00:00\",\"dateModified\":\"2015-04-23T15:57:21+00:00\",\"breadcrumb\":{\"@id\":\"http:\/\/3.212.241.210\/es\/terminos-y-condiciones\/#breadcrumb\"},\"inLanguage\":\"es\",\"potentialAction\":[{\"@type\":\"ReadAction\",\"target\":[\"http:\/\/3.212.241.210\/es\/terminos-y-condiciones\/\"]}]},{\"@type\":\"BreadcrumbList\",\"@id\":\"http:\/\/3.212.241.210\/es\/terminos-y-condiciones\/#breadcrumb\",\"itemListElement\":[{\"@type\":\"ListItem\",\"position\":1,\"name\":\"Home\",\"item\":\"http:\/\/ec2-3-212-241-210.compute-1.amazonaws.com\/es\/\"},{\"@type\":\"ListItem\",\"position\":2,\"name\":\"T\u00e9rminos y Condiciones\"}]},{\"@type\":\"WebSite\",\"@id\":\"http:\/\/3.212.241.210\/#website\",\"url\":\"http:\/\/3.212.241.210\/\",\"name\":\"casamagicorlando.com\",\"description\":\"\",\"publisher\":{\"@id\":\"http:\/\/3.212.241.210\/#organization\"},\"potentialAction\":[{\"@type\":\"SearchAction\",\"target\":{\"@type\":\"EntryPoint\",\"urlTemplate\":\"http:\/\/3.212.241.210\/?s={search_term_string}\"},\"query-input\":\"required name=search_term_string\"}],\"inLanguage\":\"es\"},{\"@type\":\"Organization\",\"@id\":\"http:\/\/3.212.241.210\/#organization\",\"name\":\"casamagicorlando.com\",\"url\":\"http:\/\/3.212.241.210\/\",\"logo\":{\"@type\":\"ImageObject\",\"inLanguage\":\"es\",\"@id\":\"http:\/\/3.212.241.210\/#\/schema\/logo\/image\/\",\"url\":\"http:\/\/ec2-3-212-241-210.compute-1.amazonaws.com\/wp-content\/uploads\/2024\/05\/logo-menu.fw_-1.png\",\"contentUrl\":\"http:\/\/ec2-3-212-241-210.compute-1.amazonaws.com\/wp-content\/uploads\/2024\/05\/logo-menu.fw_-1.png\",\"width\":200,\"height\":50,\"caption\":\"casamagicorlando.com\"},\"image\":{\"@id\":\"http:\/\/3.212.241.210\/#\/schema\/logo\/image\/\"}}]}<\/script>\n<!-- \/ Yoast SEO plugin. -->","yoast_head_json":{"title":"T\u00e9rminos y Condiciones - casamagicorlando.com","robots":{"index":"index","follow":"follow","max-snippet":"max-snippet:-1","max-image-preview":"max-image-preview:large","max-video-preview":"max-video-preview:-1"},"canonical":"http:\/\/3.212.241.210\/es\/terminos-y-condiciones\/","og_locale":"es_ES","og_type":"article","og_title":"T\u00e9rminos y Condiciones - casamagicorlando.com","og_description":"Esta Pol\u00edtica de Privacidad rige la manera en que el Tema de WordPress para Bienes Ra\u00edces recopila, utiliza, mantiene y divulga informaci\u00f3n recopilada de los usuarios (cada uno, un \u00abUsuario\u00bb) del sitio web https:\/\/casamagicorlando\/ (\u00abSitio\u00bb). Esta pol\u00edtica de privacidad se aplica al Sitio y a todos los productos y servicios ofrecidos por Casa Magic Orlando. ...","og_url":"http:\/\/3.212.241.210\/es\/terminos-y-condiciones\/","og_site_name":"casamagicorlando.com","twitter_card":"summary_large_image","twitter_misc":{"Tiempo de lectura":"3 minutos"},"schema":{"@context":"https:\/\/schema.org","@graph":[{"@type":"WebPage","@id":"http:\/\/3.212.241.210\/es\/terminos-y-condiciones\/","url":"http:\/\/3.212.241.210\/es\/terminos-y-condiciones\/","name":"T\u00e9rminos y Condiciones - casamagicorlando.com","isPartOf":{"@id":"http:\/\/3.212.241.210\/#website"},"datePublished":"2015-04-23T15:57:21+00:00","dateModified":"2015-04-23T15:57:21+00:00","breadcrumb":{"@id":"http:\/\/3.212.241.210\/es\/terminos-y-condiciones\/#breadcrumb"},"inLanguage":"es","potentialAction":[{"@type":"ReadAction","target":["http:\/\/3.212.241.210\/es\/terminos-y-condiciones\/"]}]},{"@type":"BreadcrumbList","@id":"http:\/\/3.212.241.210\/es\/terminos-y-condiciones\/#breadcrumb","itemListElement":[{"@type":"ListItem","position":1,"name":"Home","item":"http:\/\/ec2-3-212-241-210.compute-1.amazonaws.com\/es\/"},{"@type":"ListItem","position":2,"name":"T\u00e9rminos y Condiciones"}]},{"@type":"WebSite","@id":"http:\/\/3.212.241.210\/#website","url":"http:\/\/3.212.241.210\/","name":"casamagicorlando.com","description":"","publisher":{"@id":"http:\/\/3.212.241.210\/#organization"},"potentialAction":[{"@type":"SearchAction","target":{"@type":"EntryPoint","urlTemplate":"http:\/\/3.212.241.210\/?s={search_term_string}"},"query-input":"required name=search_term_string"}],"inLanguage":"es"},{"@type":"Organization","@id":"http:\/\/3.212.241.210\/#organization","name":"casamagicorlando.com","url":"http:\/\/3.212.241.210\/","logo":{"@type":"ImageObject","inLanguage":"es","@id":"http:\/\/3.212.241.210\/#\/schema\/logo\/image\/","url":"http:\/\/ec2-3-212-241-210.compute-1.amazonaws.com\/wp-content\/uploads\/2024\/05\/logo-menu.fw_-1.png","contentUrl":"http:\/\/ec2-3-212-241-210.compute-1.amazonaws.com\/wp-content\/uploads\/2024\/05\/logo-menu.fw_-1.png","width":200,"height":50,"caption":"casamagicorlando.com"},"image":{"@id":"http:\/\/3.212.241.210\/#\/schema\/logo\/image\/"}}]}},"_links":{"self":[{"href":"http:\/\/ec2-3-212-241-210.compute-1.amazonaws.com\/es\/wp-json\/wp\/v2\/pages\/37835","targetHints":{"allow":["GET"]}}],"collection":[{"href":"http:\/\/ec2-3-212-241-210.compute-1.amazonaws.com\/es\/wp-json\/wp\/v2\/pages"}],"about":[{"href":"http:\/\/ec2-3-212-241-210.compute-1.amazonaws.com\/es\/wp-json\/wp\/v2\/types\/page"}],"author":[{"embeddable":true,"href":"http:\/\/ec2-3-212-241-210.compute-1.amazonaws.com\/es\/wp-json\/wp\/v2\/users\/1"}],"replies":[{"embeddable":true,"href":"http:\/\/ec2-3-212-241-210.compute-1.amazonaws.com\/es\/wp-json\/wp\/v2\/comments?post=37835"}],"version-history":[{"count":0,"href":"http:\/\/ec2-3-212-241-210.compute-1.amazonaws.com\/es\/wp-json\/wp\/v2\/pages\/37835\/revisions"}],"wp:attachment":[{"href":"http:\/\/ec2-3-212-241-210.compute-1.amazonaws.com\/es\/wp-json\/wp\/v2\/media?parent=37835"}],"curies":[{"name":"wp","href":"https:\/\/api.w.org\/{rel}","templated":true}]}}